{"id":127,"date":"2016-08-04T10:17:54","date_gmt":"2016-08-04T07:17:54","guid":{"rendered":"http:\/\/www.ccr.fi\/jplift\/?page_id=127"},"modified":"2023-09-07T11:16:13","modified_gmt":"2023-09-07T08:16:13","slug":"dino-180","status":"publish","type":"page","link":"https:\/\/www.jp-lift.fi\/?page_id=127","title":{"rendered":"Dino 180XT II"},"content":{"rendered":"<p><img loading=\"lazy\" decoding=\"async\" class=\"alignnone size-full wp-image-559\" src=\"https:\/\/www.jp-lift.fi\/wp-content\/uploads\/2023\/09\/IMG-20230803-WA0001.jpg\" alt=\"\" width=\"1599\" height=\"1200\" srcset=\"https:\/\/www.jp-lift.fi\/wp-content\/uploads\/2023\/09\/IMG-20230803-WA0001.jpg 1599w, https:\/\/www.jp-lift.fi\/wp-content\/uploads\/2023\/09\/IMG-20230803-WA0001-300x225.jpg 300w, https:\/\/www.jp-lift.fi\/wp-content\/uploads\/2023\/09\/IMG-20230803-WA0001-1024x768.jpg 1024w, https:\/\/www.jp-lift.fi\/wp-content\/uploads\/2023\/09\/IMG-20230803-WA0001-768x576.jpg 768w, https:\/\/www.jp-lift.fi\/wp-content\/uploads\/2023\/09\/IMG-20230803-WA0001-1536x1153.jpg 1536w\" sizes=\"auto, (max-width: 1599px) 100vw, 1599px\" \/><\/p>\n<p>Ty\u00f6skentelykorkeus: 18,0m<\/p>\n<p>Lavakorkeus: 16,0m<\/p>\n<p>Max. Sivu-ulottuma: 11,2m<\/p>\n<p>Tuenta-alue: 3,9\/4,3m<\/p>\n<p>Kokonaispaino: 2315kg<\/p>\n<p>Max. korikuorma: 215kg \/ 2hl\u00f6n kori<\/p>\n<p>Korin koko: 0,7x 1,3m<\/p>\n<p>K\u00e4ytt\u00f6voima:<\/p>\n<p>-Verkkovirta<\/p>\n<p>-Polttomoottori<\/p>\n","protected":false},"excerpt":{"rendered":"<p>Ty\u00f6skentelykorkeus: 18,0m Lavakorkeus: 16,0m Max. Sivu-ulottuma: 11,2m Tuenta-alue: 3,9\/4,3m Kokonaispaino: 2315kg Max. korikuorma: 215kg \/ 2hl\u00f6n kori Korin koko: 0,7x 1,3m K\u00e4ytt\u00f6voima: -Verkkovirta -Polttomoottori<\/p>\n","protected":false},"author":1,"featured_media":0,"parent":35,"menu_order":7,"comment_status":"closed","ping_status":"closed","template":"","meta":{"footnotes":""},"class_list":["post-127","page","type-page","status-publish","hentry"],"_links":{"self":[{"href":"https:\/\/www.jp-lift.fi\/index.php?rest_route=\/wp\/v2\/pages\/127","targetHints":{"allow":["GET"]}}],"collection":[{"href":"https:\/\/www.jp-lift.fi\/index.php?rest_route=\/wp\/v2\/pages"}],"about":[{"href":"https:\/\/www.jp-lift.fi\/index.php?rest_route=\/wp\/v2\/types\/page"}],"author":[{"embeddable":true,"href":"https:\/\/www.jp-lift.fi\/index.php?rest_route=\/wp\/v2\/users\/1"}],"replies":[{"embeddable":true,"href":"https:\/\/www.jp-lift.fi\/index.php?rest_route=%2Fwp%2Fv2%2Fcomments&post=127"}],"version-history":[{"count":9,"href":"https:\/\/www.jp-lift.fi\/index.php?rest_route=\/wp\/v2\/pages\/127\/revisions"}],"predecessor-version":[{"id":606,"href":"https:\/\/www.jp-lift.fi\/index.php?rest_route=\/wp\/v2\/pages\/127\/revisions\/606"}],"up":[{"embeddable":true,"href":"https:\/\/www.jp-lift.fi\/index.php?rest_route=\/wp\/v2\/pages\/35"}],"wp:attachment":[{"href":"https:\/\/www.jp-lift.fi\/index.php?rest_route=%2Fwp%2Fv2%2Fmedia&parent=127"}],"curies":[{"name":"wp","href":"https:\/\/api.w.org\/{rel}","templated":true}]}}