{"id":472,"date":"2021-01-07T20:28:19","date_gmt":"2021-01-07T18:28:19","guid":{"rendered":"http:\/\/www.jp-lift.fi\/?page_id=472"},"modified":"2026-01-07T14:52:46","modified_gmt":"2026-01-07T12:52:46","slug":"merlo-roto-40-25","status":"publish","type":"page","link":"https:\/\/www.jp-lift.fi\/?page_id=472","title":{"rendered":"Merlo Roto 40.30 MCSS"},"content":{"rendered":"<p><img loading=\"lazy\" decoding=\"async\" class=\"wp-image-750 size-full\" src=\"https:\/\/www.jp-lift.fi\/wp-content\/uploads\/2026\/01\/merlo.jpg\" alt=\"\" width=\"1480\" height=\"930\" srcset=\"https:\/\/www.jp-lift.fi\/wp-content\/uploads\/2026\/01\/merlo.jpg 1480w, https:\/\/www.jp-lift.fi\/wp-content\/uploads\/2026\/01\/merlo-300x189.jpg 300w, https:\/\/www.jp-lift.fi\/wp-content\/uploads\/2026\/01\/merlo-1024x643.jpg 1024w, https:\/\/www.jp-lift.fi\/wp-content\/uploads\/2026\/01\/merlo-768x483.jpg 768w\" sizes=\"auto, (max-width: 1480px) 100vw, 1480px\" \/><\/p>\n<p>Max. kuorma: 4000kg<\/p>\n<p>Max. nostokorkeus: 30m<\/p>\n<p>Sivu-ulottuma: 25m<\/p>\n<p>Omapaino: 19200kg<\/p>\n<p>Lis\u00e4varusteet: kauko ohjaus, trukkipiikit, henkil\u00f6kori 800kg, vinssipuomi ja erikokoiset j\u00e4yk\u00e4t jibit<\/p>\n<p>&nbsp;<\/p>\n<p>&nbsp;<\/p>\n","protected":false},"excerpt":{"rendered":"<p>Max. kuorma: 4000kg Max. nostokorkeus: 30m Sivu-ulottuma: 25m Omapaino: 19200kg Lis\u00e4varusteet: kauko ohjaus, trukkipiikit, henkil\u00f6kori 800kg, vinssipuomi ja erikokoiset j\u00e4yk\u00e4t jibit &nbsp; &nbsp;<\/p>\n","protected":false},"author":1,"featured_media":0,"parent":340,"menu_order":2,"comment_status":"closed","ping_status":"closed","template":"","meta":{"footnotes":""},"class_list":["post-472","page","type-page","status-publish","hentry"],"_links":{"self":[{"href":"https:\/\/www.jp-lift.fi\/index.php?rest_route=\/wp\/v2\/pages\/472","targetHints":{"allow":["GET"]}}],"collection":[{"href":"https:\/\/www.jp-lift.fi\/index.php?rest_route=\/wp\/v2\/pages"}],"about":[{"href":"https:\/\/www.jp-lift.fi\/index.php?rest_route=\/wp\/v2\/types\/page"}],"author":[{"embeddable":true,"href":"https:\/\/www.jp-lift.fi\/index.php?rest_route=\/wp\/v2\/users\/1"}],"replies":[{"embeddable":true,"href":"https:\/\/www.jp-lift.fi\/index.php?rest_route=%2Fwp%2Fv2%2Fcomments&post=472"}],"version-history":[{"count":8,"href":"https:\/\/www.jp-lift.fi\/index.php?rest_route=\/wp\/v2\/pages\/472\/revisions"}],"predecessor-version":[{"id":752,"href":"https:\/\/www.jp-lift.fi\/index.php?rest_route=\/wp\/v2\/pages\/472\/revisions\/752"}],"up":[{"embeddable":true,"href":"https:\/\/www.jp-lift.fi\/index.php?rest_route=\/wp\/v2\/pages\/340"}],"wp:attachment":[{"href":"https:\/\/www.jp-lift.fi\/index.php?rest_route=%2Fwp%2Fv2%2Fmedia&parent=472"}],"curies":[{"name":"wp","href":"https:\/\/api.w.org\/{rel}","templated":true}]}}