{"id":548,"date":"2023-06-07T17:17:54","date_gmt":"2023-06-07T14:17:54","guid":{"rendered":"https:\/\/www.jp-lift.fi\/?page_id=548"},"modified":"2023-09-07T11:14:17","modified_gmt":"2023-09-07T08:14:17","slug":"dino-160xt","status":"publish","type":"page","link":"https:\/\/www.jp-lift.fi\/?page_id=548","title":{"rendered":"Dino 160XT II"},"content":{"rendered":"\n<figure class=\"wp-block-image size-large\"><img loading=\"lazy\" decoding=\"async\" width=\"1024\" height=\"768\" src=\"https:\/\/www.jp-lift.fi\/wp-content\/uploads\/2023\/06\/IMG-20230607-WA0000-1024x768.jpg\" alt=\"\" class=\"wp-image-549\" srcset=\"https:\/\/www.jp-lift.fi\/wp-content\/uploads\/2023\/06\/IMG-20230607-WA0000-1024x768.jpg 1024w, https:\/\/www.jp-lift.fi\/wp-content\/uploads\/2023\/06\/IMG-20230607-WA0000-300x225.jpg 300w, https:\/\/www.jp-lift.fi\/wp-content\/uploads\/2023\/06\/IMG-20230607-WA0000-768x576.jpg 768w, https:\/\/www.jp-lift.fi\/wp-content\/uploads\/2023\/06\/IMG-20230607-WA0000-1536x1153.jpg 1536w, https:\/\/www.jp-lift.fi\/wp-content\/uploads\/2023\/06\/IMG-20230607-WA0000.jpg 1599w\" sizes=\"auto, (max-width: 1024px) 100vw, 1024px\" \/><\/figure>\n\n\n\n<p>Max. Ty\u00f6skentelykorkeus: 16m<\/p>\n\n\n\n<p>Max. sivu-ulottuma: 9,10m<\/p>\n\n\n\n<p>Kokonaispaino: 1990 kg<\/p>\n\n\n\n<p>Max. korikuorma: 215 kg \/ 2hl\u00f6:n kori<\/p>\n\n\n\n<p>K\u00e4ytt\u00f6voima:<\/p>\n\n\n\n<p>-verkkovirta<\/p>\n\n\n\n<p>-Polttomoottori<\/p>\n","protected":false},"excerpt":{"rendered":"<p>Max. Ty\u00f6skentelykorkeus: 16m Max. sivu-ulottuma: 9,10m Kokonaispaino: 1990 kg Max. korikuorma: 215 kg \/ 2hl\u00f6:n kori K\u00e4ytt\u00f6voima: -verkkovirta -Polttomoottori<\/p>\n","protected":false},"author":1,"featured_media":0,"parent":35,"menu_order":6,"comment_status":"closed","ping_status":"closed","template":"","meta":{"footnotes":""},"class_list":["post-548","page","type-page","status-publish","hentry"],"_links":{"self":[{"href":"https:\/\/www.jp-lift.fi\/index.php?rest_route=\/wp\/v2\/pages\/548","targetHints":{"allow":["GET"]}}],"collection":[{"href":"https:\/\/www.jp-lift.fi\/index.php?rest_route=\/wp\/v2\/pages"}],"about":[{"href":"https:\/\/www.jp-lift.fi\/index.php?rest_route=\/wp\/v2\/types\/page"}],"author":[{"embeddable":true,"href":"https:\/\/www.jp-lift.fi\/index.php?rest_route=\/wp\/v2\/users\/1"}],"replies":[{"embeddable":true,"href":"https:\/\/www.jp-lift.fi\/index.php?rest_route=%2Fwp%2Fv2%2Fcomments&post=548"}],"version-history":[{"count":4,"href":"https:\/\/www.jp-lift.fi\/index.php?rest_route=\/wp\/v2\/pages\/548\/revisions"}],"predecessor-version":[{"id":698,"href":"https:\/\/www.jp-lift.fi\/index.php?rest_route=\/wp\/v2\/pages\/548\/revisions\/698"}],"up":[{"embeddable":true,"href":"https:\/\/www.jp-lift.fi\/index.php?rest_route=\/wp\/v2\/pages\/35"}],"wp:attachment":[{"href":"https:\/\/www.jp-lift.fi\/index.php?rest_route=%2Fwp%2Fv2%2Fmedia&parent=548"}],"curies":[{"name":"wp","href":"https:\/\/api.w.org\/{rel}","templated":true}]}}