{"id":591,"date":"2023-09-07T08:53:09","date_gmt":"2023-09-07T05:53:09","guid":{"rendered":"https:\/\/www.jp-lift.fi\/?page_id=591"},"modified":"2026-01-07T15:00:49","modified_gmt":"2026-01-07T13:00:49","slug":"merlo-mcss-45-19-roto","status":"publish","type":"page","link":"https:\/\/www.jp-lift.fi\/?page_id=591","title":{"rendered":"Merlo Roto 45.19 MCSS"},"content":{"rendered":"\n<figure class=\"wp-block-image size-large\"><img loading=\"lazy\" decoding=\"async\" width=\"1024\" height=\"892\" src=\"https:\/\/www.jp-lift.fi\/wp-content\/uploads\/2026\/01\/1000006645-1024x892.jpg\" alt=\"\" class=\"wp-image-753\" srcset=\"https:\/\/www.jp-lift.fi\/wp-content\/uploads\/2026\/01\/1000006645-1024x892.jpg 1024w, https:\/\/www.jp-lift.fi\/wp-content\/uploads\/2026\/01\/1000006645-300x261.jpg 300w, https:\/\/www.jp-lift.fi\/wp-content\/uploads\/2026\/01\/1000006645-768x669.jpg 768w, https:\/\/www.jp-lift.fi\/wp-content\/uploads\/2026\/01\/1000006645.jpg 1440w\" sizes=\"auto, (max-width: 1024px) 100vw, 1024px\" \/><\/figure>\n\n\n\n<p>Nostokapasiteetti: 4500kg<\/p>\n\n\n\n<p>Max. nostokorkeus: 18,7m\/max. 3000kg<\/p>\n\n\n\n<p>Max. ulottuvuus: 15,8m\/&nbsp;max.600kg<\/p>\n\n\n\n<p>Leveys: 2,5m<\/p>\n\n\n\n<p>Pituus: 6,10m<\/p>\n\n\n\n<p>Korkeus: 2,95m<\/p>\n\n\n\n<p>Omapaino: 14500kg<\/p>\n\n\n\n<p>lis\u00e4varusteet: trukkipiikit, kalustekori, vinssipuomi ja erikokoiset j\u00e4yk\u00e4t jibit<\/p>\n","protected":false},"excerpt":{"rendered":"<p>Nostokapasiteetti: 4500kg Max. nostokorkeus: 18,7m\/max. 3000kg Max. ulottuvuus: 15,8m\/&nbsp;max.600kg Leveys: 2,5m Pituus: 6,10m Korkeus: 2,95m Omapaino: 14500kg lis\u00e4varusteet: trukkipiikit, kalustekori, vinssipuomi ja erikokoiset j\u00e4yk\u00e4t jibit<\/p>\n","protected":false},"author":1,"featured_media":0,"parent":340,"menu_order":1,"comment_status":"closed","ping_status":"closed","template":"","meta":{"footnotes":""},"class_list":["post-591","page","type-page","status-publish","hentry"],"_links":{"self":[{"href":"https:\/\/www.jp-lift.fi\/index.php?rest_route=\/wp\/v2\/pages\/591","targetHints":{"allow":["GET"]}}],"collection":[{"href":"https:\/\/www.jp-lift.fi\/index.php?rest_route=\/wp\/v2\/pages"}],"about":[{"href":"https:\/\/www.jp-lift.fi\/index.php?rest_route=\/wp\/v2\/types\/page"}],"author":[{"embeddable":true,"href":"https:\/\/www.jp-lift.fi\/index.php?rest_route=\/wp\/v2\/users\/1"}],"replies":[{"embeddable":true,"href":"https:\/\/www.jp-lift.fi\/index.php?rest_route=%2Fwp%2Fv2%2Fcomments&post=591"}],"version-history":[{"count":4,"href":"https:\/\/www.jp-lift.fi\/index.php?rest_route=\/wp\/v2\/pages\/591\/revisions"}],"predecessor-version":[{"id":755,"href":"https:\/\/www.jp-lift.fi\/index.php?rest_route=\/wp\/v2\/pages\/591\/revisions\/755"}],"up":[{"embeddable":true,"href":"https:\/\/www.jp-lift.fi\/index.php?rest_route=\/wp\/v2\/pages\/340"}],"wp:attachment":[{"href":"https:\/\/www.jp-lift.fi\/index.php?rest_route=%2Fwp%2Fv2%2Fmedia&parent=591"}],"curies":[{"name":"wp","href":"https:\/\/api.w.org\/{rel}","templated":true}]}}