{"id":597,"date":"2023-09-07T11:02:23","date_gmt":"2023-09-07T08:02:23","guid":{"rendered":"https:\/\/www.jp-lift.fi\/?page_id=597"},"modified":"2023-11-22T10:56:33","modified_gmt":"2023-11-22T08:56:33","slug":"genie-gs-4047","status":"publish","type":"page","link":"https:\/\/www.jp-lift.fi\/?page_id=597","title":{"rendered":"Genie GS-4047"},"content":{"rendered":"\n<figure class=\"wp-block-image size-large\"><img loading=\"lazy\" decoding=\"async\" width=\"1004\" height=\"1024\" src=\"https:\/\/www.jp-lift.fi\/wp-content\/uploads\/2023\/09\/saksi3-1004x1024.jpg\" alt=\"\" class=\"wp-image-598\" srcset=\"https:\/\/www.jp-lift.fi\/wp-content\/uploads\/2023\/09\/saksi3-1004x1024.jpg 1004w, https:\/\/www.jp-lift.fi\/wp-content\/uploads\/2023\/09\/saksi3-294x300.jpg 294w, https:\/\/www.jp-lift.fi\/wp-content\/uploads\/2023\/09\/saksi3-768x783.jpg 768w, https:\/\/www.jp-lift.fi\/wp-content\/uploads\/2023\/09\/saksi3.jpg 1500w\" sizes=\"auto, (max-width: 1004px) 100vw, 1004px\" \/><\/figure>\n\n\n\n<p>Max. Lavakorkeus: 11,70m<\/p>\n\n\n\n<p>Lavan koko: 2,26m x 1,15m<\/p>\n\n\n\n<p>Lavajatke: 0,91m<\/p>\n\n\n\n<p>Nostokapasiteetti: 350kg \/ lavajatke: 113kg<\/p>\n\n\n\n<p>Kuljetuskorkeus: 2,54m<\/p>\n\n\n\n<p>Kuljetusleveys: 2,48m<\/p>\n\n\n\n<p>Kuljetuspituus: 1,19m<\/p>\n\n\n\n<p>Koneen paino: 3,221 kg<\/p>\n\n\n\n<p>K\u00e4ytt\u00f6voima: Akkuk\u00e4ytt\u00f6inen<\/p>\n\n\n\n<p><\/p>\n\n\n\n<p><\/p>\n\n\n\n<p><\/p>\n","protected":false},"excerpt":{"rendered":"<p>Max. Lavakorkeus: 11,70m Lavan koko: 2,26m x 1,15m Lavajatke: 0,91m Nostokapasiteetti: 350kg \/ lavajatke: 113kg Kuljetuskorkeus: 2,54m Kuljetusleveys: 2,48m Kuljetuspituus: 1,19m Koneen paino: 3,221 kg K\u00e4ytt\u00f6voima: Akkuk\u00e4ytt\u00f6inen<\/p>\n","protected":false},"author":1,"featured_media":0,"parent":146,"menu_order":5,"comment_status":"closed","ping_status":"closed","template":"","meta":{"footnotes":""},"class_list":["post-597","page","type-page","status-publish","hentry"],"_links":{"self":[{"href":"https:\/\/www.jp-lift.fi\/index.php?rest_route=\/wp\/v2\/pages\/597","targetHints":{"allow":["GET"]}}],"collection":[{"href":"https:\/\/www.jp-lift.fi\/index.php?rest_route=\/wp\/v2\/pages"}],"about":[{"href":"https:\/\/www.jp-lift.fi\/index.php?rest_route=\/wp\/v2\/types\/page"}],"author":[{"embeddable":true,"href":"https:\/\/www.jp-lift.fi\/index.php?rest_route=\/wp\/v2\/users\/1"}],"replies":[{"embeddable":true,"href":"https:\/\/www.jp-lift.fi\/index.php?rest_route=%2Fwp%2Fv2%2Fcomments&post=597"}],"version-history":[{"count":1,"href":"https:\/\/www.jp-lift.fi\/index.php?rest_route=\/wp\/v2\/pages\/597\/revisions"}],"predecessor-version":[{"id":599,"href":"https:\/\/www.jp-lift.fi\/index.php?rest_route=\/wp\/v2\/pages\/597\/revisions\/599"}],"up":[{"embeddable":true,"href":"https:\/\/www.jp-lift.fi\/index.php?rest_route=\/wp\/v2\/pages\/146"}],"wp:attachment":[{"href":"https:\/\/www.jp-lift.fi\/index.php?rest_route=%2Fwp%2Fv2%2Fmedia&parent=597"}],"curies":[{"name":"wp","href":"https:\/\/api.w.org\/{rel}","templated":true}]}}